{"id":748,"date":"2023-06-03T15:49:38","date_gmt":"2023-06-03T15:49:38","guid":{"rendered":"https:\/\/kungfuschulekaernten.at\/?page_id=748"},"modified":"2023-06-08T16:44:35","modified_gmt":"2023-06-08T16:44:35","slug":"schulleiter","status":"publish","type":"page","link":"https:\/\/kungfuschulekaernten.at\/?page_id=748","title":{"rendered":"Schulleiter"},"content":{"rendered":"\t\t<div data-elementor-type=\"wp-page\" data-elementor-id=\"748\" class=\"elementor elementor-748\">\n\t\t\t\t\t\t<section class=\"elementor-section elementor-top-section elementor-element elementor-element-795bb8f1 elementor-section-height-min-height elementor-section-boxed elementor-section-height-default elementor-section-items-middle\" data-id=\"795bb8f1\" data-element_type=\"section\" data-e-type=\"section\" data-settings=\"{&quot;background_background&quot;:&quot;classic&quot;,&quot;background_motion_fx_motion_fx_scrolling&quot;:&quot;yes&quot;,&quot;background_motion_fx_scale_effect&quot;:&quot;yes&quot;,&quot;background_motion_fx_scale_direction&quot;:&quot;in-out&quot;,&quot;background_motion_fx_scale_speed&quot;:{&quot;unit&quot;:&quot;px&quot;,&quot;size&quot;:1,&quot;sizes&quot;:[]},&quot;background_motion_fx_scale_range&quot;:{&quot;unit&quot;:&quot;%&quot;,&quot;size&quot;:&quot;&quot;,&quot;sizes&quot;:{&quot;start&quot;:&quot;0&quot;,&quot;end&quot;:&quot;80&quot;}},&quot;shape_divider_bottom&quot;:&quot;tilt&quot;,&quot;background_motion_fx_devices&quot;:[&quot;desktop&quot;,&quot;tablet&quot;,&quot;mobile&quot;]}\">\n\t\t\t\t\t\t\t<div class=\"elementor-background-overlay\"><\/div>\n\t\t\t\t\t\t<div class=\"elementor-shape elementor-shape-bottom\" aria-hidden=\"true\" data-negative=\"false\">\n\t\t\t<svg xmlns=\"http:\/\/www.w3.org\/2000\/svg\" viewBox=\"0 0 1000 100\" preserveAspectRatio=\"none\">\n\t<path class=\"elementor-shape-fill\" d=\"M0,6V0h1000v100L0,6z\"\/>\n<\/svg>\t\t<\/div>\n\t\t\t\t\t<div class=\"elementor-container elementor-column-gap-default\">\n\t\t\t\t\t<div class=\"elementor-column elementor-col-100 elementor-top-column elementor-element elementor-element-6d090153\" data-id=\"6d090153\" data-element_type=\"column\" data-e-type=\"column\">\n\t\t\t<div class=\"elementor-widget-wrap elementor-element-populated\">\n\t\t\t\t\t\t<div class=\"elementor-element elementor-element-c2a9906 elementor-widget elementor-widget-heading\" data-id=\"c2a9906\" data-element_type=\"widget\" data-e-type=\"widget\" data-widget_type=\"heading.default\">\n\t\t\t\t<div class=\"elementor-widget-container\">\n\t\t\t\t\t<h4 class=\"elementor-heading-title elementor-size-default\">Schulleiter<\/h4>\t\t\t\t<\/div>\n\t\t\t\t<\/div>\n\t\t\t\t<div class=\"elementor-element elementor-element-37cdf13d elementor-widget elementor-widget-heading\" data-id=\"37cdf13d\" data-element_type=\"widget\" data-e-type=\"widget\" data-widget_type=\"heading.default\">\n\t\t\t\t<div class=\"elementor-widget-container\">\n\t\t\t\t\t<h1 class=\"elementor-heading-title elementor-size-default\">Sifu J\u00fcrgen Warum<\/h1>\t\t\t\t<\/div>\n\t\t\t\t<\/div>\n\t\t\t\t<div class=\"elementor-element elementor-element-00cce08 elementor-widget elementor-widget-heading\" data-id=\"00cce08\" data-element_type=\"widget\" data-e-type=\"widget\" data-widget_type=\"heading.default\">\n\t\t\t\t<div class=\"elementor-widget-container\">\n\t\t\t\t\t<h5 class=\"elementor-heading-title elementor-size-default\">6. Meistergrad, GUOSHU Wing Chun<\/h5>\t\t\t\t<\/div>\n\t\t\t\t<\/div>\n\t\t\t\t\t<\/div>\n\t\t<\/div>\n\t\t\t\t\t<\/div>\n\t\t<\/section>\n\t\t\t\t<section class=\"elementor-section elementor-top-section elementor-element elementor-element-3aa82eea elementor-section-full_width elementor-reverse-tablet elementor-reverse-mobile elementor-section-height-default elementor-section-height-default\" data-id=\"3aa82eea\" data-element_type=\"section\" data-e-type=\"section\" data-settings=\"{&quot;background_background&quot;:&quot;classic&quot;}\">\n\t\t\t\t\t\t<div class=\"elementor-container elementor-column-gap-default\">\n\t\t\t\t\t<div class=\"elementor-column elementor-col-50 elementor-top-column elementor-element elementor-element-35bfed5\" data-id=\"35bfed5\" data-element_type=\"column\" data-e-type=\"column\">\n\t\t\t<div class=\"elementor-widget-wrap elementor-element-populated\">\n\t\t\t\t\t\t<div class=\"elementor-element elementor-element-512e53b6 elementor-widget elementor-widget-image\" data-id=\"512e53b6\" data-element_type=\"widget\" data-e-type=\"widget\" data-widget_type=\"image.default\">\n\t\t\t\t<div class=\"elementor-widget-container\">\n\t\t\t\t\t\t\t\t\t\t\t\t\t\t\t<img fetchpriority=\"high\" decoding=\"async\" width=\"1024\" height=\"683\" src=\"https:\/\/kungfuschulekaernten.at\/wp-content\/uploads\/2023\/06\/wingchun-23-1024x683.jpg\" class=\"attachment-large size-large wp-image-1030\" alt=\"\" srcset=\"https:\/\/kungfuschulekaernten.at\/wp-content\/uploads\/2023\/06\/wingchun-23-1024x683.jpg 1024w, https:\/\/kungfuschulekaernten.at\/wp-content\/uploads\/2023\/06\/wingchun-23-300x200.jpg 300w, https:\/\/kungfuschulekaernten.at\/wp-content\/uploads\/2023\/06\/wingchun-23-768x512.jpg 768w, https:\/\/kungfuschulekaernten.at\/wp-content\/uploads\/2023\/06\/wingchun-23-1536x1024.jpg 1536w, https:\/\/kungfuschulekaernten.at\/wp-content\/uploads\/2023\/06\/wingchun-23-2048x1365.jpg 2048w, https:\/\/kungfuschulekaernten.at\/wp-content\/uploads\/2023\/06\/wingchun-23-930x620.jpg 930w\" sizes=\"(max-width: 1024px) 100vw, 1024px\" \/>\t\t\t\t\t\t\t\t\t\t\t\t\t\t\t<\/div>\n\t\t\t\t<\/div>\n\t\t\t\t\t<\/div>\n\t\t<\/div>\n\t\t\t\t<div class=\"elementor-column elementor-col-50 elementor-top-column elementor-element elementor-element-5e73984b\" data-id=\"5e73984b\" data-element_type=\"column\" data-e-type=\"column\">\n\t\t\t<div class=\"elementor-widget-wrap elementor-element-populated\">\n\t\t\t\t\t\t<section class=\"elementor-section elementor-inner-section elementor-element elementor-element-d0044c8 elementor-section-boxed elementor-section-height-default elementor-section-height-default\" data-id=\"d0044c8\" data-element_type=\"section\" data-e-type=\"section\">\n\t\t\t\t\t\t<div class=\"elementor-container elementor-column-gap-default\">\n\t\t\t\t\t<div class=\"elementor-column elementor-col-100 elementor-inner-column elementor-element elementor-element-4246d227\" data-id=\"4246d227\" data-element_type=\"column\" data-e-type=\"column\">\n\t\t\t<div class=\"elementor-widget-wrap elementor-element-populated\">\n\t\t\t\t\t\t<div class=\"elementor-element elementor-element-f136837 elementor-widget elementor-widget-heading\" data-id=\"f136837\" data-element_type=\"widget\" data-e-type=\"widget\" data-widget_type=\"heading.default\">\n\t\t\t\t<div class=\"elementor-widget-container\">\n\t\t\t\t\t<h2 class=\"elementor-heading-title elementor-size-default\">Leiter der Akademie K\u00e4rnten<\/h2>\t\t\t\t<\/div>\n\t\t\t\t<\/div>\n\t\t\t\t\t<\/div>\n\t\t<\/div>\n\t\t\t\t\t<\/div>\n\t\t<\/section>\n\t\t\t\t<section class=\"elementor-section elementor-inner-section elementor-element elementor-element-6b1370a7 elementor-section-boxed elementor-section-height-default elementor-section-height-default\" data-id=\"6b1370a7\" data-element_type=\"section\" data-e-type=\"section\" data-settings=\"{&quot;motion_fx_motion_fx_scrolling&quot;:&quot;yes&quot;,&quot;motion_fx_opacity_effect&quot;:&quot;yes&quot;,&quot;motion_fx_opacity_range&quot;:{&quot;unit&quot;:&quot;%&quot;,&quot;size&quot;:&quot;&quot;,&quot;sizes&quot;:{&quot;start&quot;:&quot;0&quot;,&quot;end&quot;:&quot;50&quot;}},&quot;motion_fx_devices&quot;:[&quot;desktop&quot;,&quot;tablet&quot;],&quot;motion_fx_opacity_direction&quot;:&quot;out-in&quot;,&quot;motion_fx_opacity_level&quot;:{&quot;unit&quot;:&quot;px&quot;,&quot;size&quot;:10,&quot;sizes&quot;:[]}}\">\n\t\t\t\t\t\t<div class=\"elementor-container elementor-column-gap-default\">\n\t\t\t\t\t<div class=\"elementor-column elementor-col-100 elementor-inner-column elementor-element elementor-element-5e612342\" data-id=\"5e612342\" data-element_type=\"column\" data-e-type=\"column\">\n\t\t\t<div class=\"elementor-widget-wrap elementor-element-populated\">\n\t\t\t\t\t\t<div class=\"elementor-element elementor-element-7ab8273c elementor-widget elementor-widget-icon-box\" data-id=\"7ab8273c\" data-element_type=\"widget\" data-e-type=\"widget\" data-widget_type=\"icon-box.default\">\n\t\t\t\t<div class=\"elementor-widget-container\">\n\t\t\t\t\t\t\t<div class=\"elementor-icon-box-wrapper\">\n\n\t\t\t\n\t\t\t\t\t\t<div class=\"elementor-icon-box-content\">\n\n\t\t\t\t\n\t\t\t\t\t\t\t\t\t<p class=\"elementor-icon-box-description\">\n\t\t\t\t\t\tSifu J\u00fcrgen Warum, ist ein Meister des Guoshu Wing Chun Kung Fu und Leiter der Akademie K\u00e4rnten. Seine langj\u00e4hrige Erfahrung und sein tiefes Verst\u00e4ndnis dieser Kampfkunst machen ihn zu einer inspirierenden Pers\u00f6nlichkeit in unserer Guoshu Familie.  Er zeichnet sich nicht nur durch sein technisches K\u00f6nnen aus, sondern auch durch seine F\u00e4higkeit, sein Wissen und seine Leidenschaft an die Sch\u00fcler weiterzugeben. Er ist ein engagierter Lehrer, der die Sch\u00fcler motiviert und sie herausfordert ihr Bestes zu geben. Mit seiner charismatischen Art und seinem starken Fokus auf Disziplin und Respekt verk\u00f6rpert Sifu J\u00fcrgen Warum die traditionellen Werte, die wir in unseren Guoshu Schulen hochhalten.\n\t\t\t\t\t<\/p>\n\t\t\t\t\n\t\t\t<\/div>\n\t\t\t\n\t\t<\/div>\n\t\t\t\t\t\t<\/div>\n\t\t\t\t<\/div>\n\t\t\t\t\t<\/div>\n\t\t<\/div>\n\t\t\t\t\t<\/div>\n\t\t<\/section>\n\t\t\t\t\t<\/div>\n\t\t<\/div>\n\t\t\t\t\t<\/div>\n\t\t<\/section>\n\t\t\t\t<section class=\"elementor-section elementor-top-section elementor-element elementor-element-5f335b4a elementor-section-content-middle elementor-section-boxed elementor-section-height-default elementor-section-height-default\" data-id=\"5f335b4a\" data-element_type=\"section\" data-e-type=\"section\" data-settings=\"{&quot;shape_divider_bottom&quot;:&quot;tilt&quot;,&quot;shape_divider_top&quot;:&quot;tilt&quot;}\">\n\t\t\t\t\t<div class=\"elementor-shape elementor-shape-top\" aria-hidden=\"true\" data-negative=\"false\">\n\t\t\t<svg xmlns=\"http:\/\/www.w3.org\/2000\/svg\" viewBox=\"0 0 1000 100\" preserveAspectRatio=\"none\">\n\t<path class=\"elementor-shape-fill\" d=\"M0,6V0h1000v100L0,6z\"\/>\n<\/svg>\t\t<\/div>\n\t\t\t\t<div class=\"elementor-shape elementor-shape-bottom\" aria-hidden=\"true\" data-negative=\"false\">\n\t\t\t<svg xmlns=\"http:\/\/www.w3.org\/2000\/svg\" viewBox=\"0 0 1000 100\" preserveAspectRatio=\"none\">\n\t<path class=\"elementor-shape-fill\" d=\"M0,6V0h1000v100L0,6z\"\/>\n<\/svg>\t\t<\/div>\n\t\t\t\t\t<div class=\"elementor-container elementor-column-gap-no\">\n\t\t\t\t\t<div class=\"elementor-column elementor-col-100 elementor-top-column elementor-element elementor-element-5845ea29\" data-id=\"5845ea29\" data-element_type=\"column\" data-e-type=\"column\">\n\t\t\t<div class=\"elementor-widget-wrap elementor-element-populated\">\n\t\t\t\t\t\t<div class=\"elementor-element elementor-element-16442651 elementor-widget elementor-widget-testimonial\" data-id=\"16442651\" data-element_type=\"widget\" data-e-type=\"widget\" data-widget_type=\"testimonial.default\">\n\t\t\t\t<div class=\"elementor-widget-container\">\n\t\t\t\t\t\t\t<div class=\"elementor-testimonial-wrapper\">\n\t\t\t\t\t\t\t<div class=\"elementor-testimonial-content\">\"Die Wurzel des Wing Chun liegt im Gleichgewicht, sowohl k\u00f6rperlich als auch geistig.\"<\/div>\n\t\t\t\n\t\t\t\t\t\t<div class=\"elementor-testimonial-meta\">\n\t\t\t\t<div class=\"elementor-testimonial-meta-inner\">\n\t\t\t\t\t\n\t\t\t\t\t\t\t\t\t\t<div class=\"elementor-testimonial-details\">\n\t\t\t\t\t\t\t\t\t\t\t\t\t\t<div class=\"elementor-testimonial-name\">Wong Shun Leung&nbsp;<\/div>\n\t\t\t\t\t\t\t\t\t\t\t\t\t\t\t\t\t\t\t<\/div>\n\t\t\t\t\t\t\t\t\t<\/div>\n\t\t\t<\/div>\n\t\t\t\t\t<\/div>\n\t\t\t\t\t\t<\/div>\n\t\t\t\t<\/div>\n\t\t\t\t\t<\/div>\n\t\t<\/div>\n\t\t\t\t\t<\/div>\n\t\t<\/section>\n\t\t\t\t<section class=\"elementor-section elementor-top-section elementor-element elementor-element-bcde6bd elementor-section-boxed elementor-section-height-default elementor-section-height-default\" data-id=\"bcde6bd\" data-element_type=\"section\" data-e-type=\"section\" data-settings=\"{&quot;background_background&quot;:&quot;classic&quot;}\">\n\t\t\t\t\t\t<div class=\"elementor-container elementor-column-gap-default\">\n\t\t\t\t\t<div class=\"elementor-column elementor-col-100 elementor-top-column elementor-element elementor-element-3df176c\" data-id=\"3df176c\" data-element_type=\"column\" data-e-type=\"column\">\n\t\t\t<div class=\"elementor-widget-wrap elementor-element-populated\">\n\t\t\t\t\t\t<section class=\"elementor-section elementor-inner-section elementor-element elementor-element-e672db3 elementor-section-full_width elementor-section-height-default elementor-section-height-default\" data-id=\"e672db3\" data-element_type=\"section\" data-e-type=\"section\">\n\t\t\t\t\t\t<div class=\"elementor-container elementor-column-gap-default\">\n\t\t\t\t\t<div class=\"elementor-column elementor-col-33 elementor-inner-column elementor-element elementor-element-65ef74f\" data-id=\"65ef74f\" data-element_type=\"column\" data-e-type=\"column\">\n\t\t\t<div class=\"elementor-widget-wrap elementor-element-populated\">\n\t\t\t\t\t\t<div class=\"elementor-element elementor-element-2770e85 elementor-widget elementor-widget-image\" data-id=\"2770e85\" data-element_type=\"widget\" data-e-type=\"widget\" data-widget_type=\"image.default\">\n\t\t\t\t<div class=\"elementor-widget-container\">\n\t\t\t\t\t\t\t\t\t\t\t\t\t\t\t<img decoding=\"async\" width=\"683\" height=\"1024\" src=\"https:\/\/kungfuschulekaernten.at\/wp-content\/uploads\/2023\/06\/gchcfdjmnr5-683x1024.jpeg\" class=\"attachment-large size-large wp-image-764\" alt=\"\" srcset=\"https:\/\/kungfuschulekaernten.at\/wp-content\/uploads\/2023\/06\/gchcfdjmnr5-683x1024.jpeg 683w, https:\/\/kungfuschulekaernten.at\/wp-content\/uploads\/2023\/06\/gchcfdjmnr5-200x300.jpeg 200w, https:\/\/kungfuschulekaernten.at\/wp-content\/uploads\/2023\/06\/gchcfdjmnr5-768x1152.jpeg 768w, https:\/\/kungfuschulekaernten.at\/wp-content\/uploads\/2023\/06\/gchcfdjmnr5.jpeg 876w\" sizes=\"(max-width: 683px) 100vw, 683px\" \/>\t\t\t\t\t\t\t\t\t\t\t\t\t\t\t<\/div>\n\t\t\t\t<\/div>\n\t\t\t\t\t<\/div>\n\t\t<\/div>\n\t\t\t\t<div class=\"elementor-column elementor-col-33 elementor-inner-column elementor-element elementor-element-baeb1ca\" data-id=\"baeb1ca\" data-element_type=\"column\" data-e-type=\"column\">\n\t\t\t<div class=\"elementor-widget-wrap elementor-element-populated\">\n\t\t\t\t\t\t<div class=\"elementor-element elementor-element-6e177e8 elementor-widget elementor-widget-image\" data-id=\"6e177e8\" data-element_type=\"widget\" data-e-type=\"widget\" data-widget_type=\"image.default\">\n\t\t\t\t<div class=\"elementor-widget-container\">\n\t\t\t\t\t\t\t\t\t\t\t\t\t\t\t<img decoding=\"async\" width=\"683\" height=\"1024\" src=\"https:\/\/kungfuschulekaernten.at\/wp-content\/uploads\/2023\/06\/wingchun-41-683x1024.jpg\" class=\"attachment-large size-large wp-image-765\" alt=\"\" srcset=\"https:\/\/kungfuschulekaernten.at\/wp-content\/uploads\/2023\/06\/wingchun-41-683x1024.jpg 683w, https:\/\/kungfuschulekaernten.at\/wp-content\/uploads\/2023\/06\/wingchun-41-200x300.jpg 200w, https:\/\/kungfuschulekaernten.at\/wp-content\/uploads\/2023\/06\/wingchun-41-768x1152.jpg 768w, https:\/\/kungfuschulekaernten.at\/wp-content\/uploads\/2023\/06\/wingchun-41.jpg 876w\" sizes=\"(max-width: 683px) 100vw, 683px\" \/>\t\t\t\t\t\t\t\t\t\t\t\t\t\t\t<\/div>\n\t\t\t\t<\/div>\n\t\t\t\t\t<\/div>\n\t\t<\/div>\n\t\t\t\t<div class=\"elementor-column elementor-col-33 elementor-inner-column elementor-element elementor-element-78c7b89\" data-id=\"78c7b89\" data-element_type=\"column\" data-e-type=\"column\">\n\t\t\t<div class=\"elementor-widget-wrap elementor-element-populated\">\n\t\t\t\t\t\t<div class=\"elementor-element elementor-element-721aa05 elementor-widget elementor-widget-image\" data-id=\"721aa05\" data-element_type=\"widget\" data-e-type=\"widget\" data-widget_type=\"image.default\">\n\t\t\t\t<div class=\"elementor-widget-container\">\n\t\t\t\t\t\t\t\t\t\t\t\t\t\t\t<img loading=\"lazy\" decoding=\"async\" width=\"683\" height=\"1024\" src=\"https:\/\/kungfuschulekaernten.at\/wp-content\/uploads\/2023\/06\/wingchun-96-683x1024.jpg\" class=\"attachment-large size-large wp-image-763\" alt=\"\" srcset=\"https:\/\/kungfuschulekaernten.at\/wp-content\/uploads\/2023\/06\/wingchun-96-683x1024.jpg 683w, https:\/\/kungfuschulekaernten.at\/wp-content\/uploads\/2023\/06\/wingchun-96-200x300.jpg 200w, https:\/\/kungfuschulekaernten.at\/wp-content\/uploads\/2023\/06\/wingchun-96-768x1152.jpg 768w, https:\/\/kungfuschulekaernten.at\/wp-content\/uploads\/2023\/06\/wingchun-96.jpg 876w\" sizes=\"(max-width: 683px) 100vw, 683px\" \/>\t\t\t\t\t\t\t\t\t\t\t\t\t\t\t<\/div>\n\t\t\t\t<\/div>\n\t\t\t\t\t<\/div>\n\t\t<\/div>\n\t\t\t\t\t<\/div>\n\t\t<\/section>\n\t\t\t\t\t<\/div>\n\t\t<\/div>\n\t\t\t\t\t<\/div>\n\t\t<\/section>\n\t\t\t\t<\/div>\n\t\t","protected":false},"excerpt":{"rendered":"<p>Schulleiter Sifu J\u00fcrgen Warum 6. Meistergrad, GUOSHU Wing Chun Leiter der Akademie K\u00e4rnten Sifu J\u00fcrgen Warum, ist ein Meister des Guoshu Wing Chun Kung Fu und Leiter der Akademie K\u00e4rnten. Seine langj\u00e4hrige Erfahrung und sein tiefes Verst\u00e4ndnis dieser Kampfkunst machen ihn zu einer inspirierenden Pers\u00f6nlichkeit in unserer Guoshu Familie. Er zeichnet sich nicht nur durch&hellip;&nbsp;<\/p>\n","protected":false},"author":1,"featured_media":0,"parent":0,"menu_order":0,"comment_status":"closed","ping_status":"closed","template":"page-templates\/template-pagebuilder-full-width.php","meta":{"om_disable_all_campaigns":false,"neve_meta_sidebar":"","neve_meta_container":"","neve_meta_enable_content_width":"","neve_meta_content_width":0,"neve_meta_title_alignment":"","neve_meta_author_avatar":"","neve_post_elements_order":"","neve_meta_disable_header":"","neve_meta_disable_footer":"","neve_meta_disable_title":"","footnotes":""},"class_list":["post-748","page","type-page","status-publish","hentry"],"aioseo_notices":[],"_links":{"self":[{"href":"https:\/\/kungfuschulekaernten.at\/index.php?rest_route=\/wp\/v2\/pages\/748","targetHints":{"allow":["GET"]}}],"collection":[{"href":"https:\/\/kungfuschulekaernten.at\/index.php?rest_route=\/wp\/v2\/pages"}],"about":[{"href":"https:\/\/kungfuschulekaernten.at\/index.php?rest_route=\/wp\/v2\/types\/page"}],"author":[{"embeddable":true,"href":"https:\/\/kungfuschulekaernten.at\/index.php?rest_route=\/wp\/v2\/users\/1"}],"replies":[{"embeddable":true,"href":"https:\/\/kungfuschulekaernten.at\/index.php?rest_route=%2Fwp%2Fv2%2Fcomments&post=748"}],"version-history":[{"count":44,"href":"https:\/\/kungfuschulekaernten.at\/index.php?rest_route=\/wp\/v2\/pages\/748\/revisions"}],"predecessor-version":[{"id":1171,"href":"https:\/\/kungfuschulekaernten.at\/index.php?rest_route=\/wp\/v2\/pages\/748\/revisions\/1171"}],"wp:attachment":[{"href":"https:\/\/kungfuschulekaernten.at\/index.php?rest_route=%2Fwp%2Fv2%2Fmedia&parent=748"}],"curies":[{"name":"wp","href":"https:\/\/api.w.org\/{rel}","templated":true}]}}