{"id":918,"date":"2023-06-05T16:09:28","date_gmt":"2023-06-05T16:09:28","guid":{"rendered":"https:\/\/kungfuschulekaernten.at\/?page_id=918"},"modified":"2023-06-06T19:42:15","modified_gmt":"2023-06-06T19:42:15","slug":"impressum","status":"publish","type":"page","link":"https:\/\/kungfuschulekaernten.at\/?page_id=918","title":{"rendered":"Impressum"},"content":{"rendered":"\t\t<div data-elementor-type=\"wp-page\" data-elementor-id=\"918\" class=\"elementor elementor-918\">\n\t\t\t\t\t\t<section class=\"elementor-section elementor-top-section elementor-element elementor-element-0d20b9e elementor-section-boxed elementor-section-height-default elementor-section-height-default\" data-id=\"0d20b9e\" data-element_type=\"section\" data-e-type=\"section\" data-settings=\"{&quot;background_background&quot;:&quot;classic&quot;}\">\n\t\t\t\t\t\t<div class=\"elementor-container elementor-column-gap-default\">\n\t\t\t\t\t<div class=\"elementor-column elementor-col-100 elementor-top-column elementor-element elementor-element-017eaf4\" data-id=\"017eaf4\" data-element_type=\"column\" data-e-type=\"column\">\n\t\t\t<div class=\"elementor-widget-wrap elementor-element-populated\">\n\t\t\t\t\t\t<div class=\"elementor-element elementor-element-414ae19 elementor-widget elementor-widget-html\" data-id=\"414ae19\" data-element_type=\"widget\" data-e-type=\"widget\" data-widget_type=\"html.default\">\n\t\t\t\t<div class=\"elementor-widget-container\">\n\t\t\t\t\t<style>\n    body {\n        background-color: #111010;\n    }\n<\/style>\t\t\t\t<\/div>\n\t\t\t\t<\/div>\n\t\t\t\t<div class=\"elementor-element elementor-element-1446b09 elementor-widget elementor-widget-heading\" data-id=\"1446b09\" data-element_type=\"widget\" data-e-type=\"widget\" data-widget_type=\"heading.default\">\n\t\t\t\t<div class=\"elementor-widget-container\">\n\t\t\t\t\t<h1 class=\"elementor-heading-title elementor-size-default\">Impressum<\/h1>\t\t\t\t<\/div>\n\t\t\t\t<\/div>\n\t\t\t\t<div class=\"elementor-element elementor-element-dcf6e20 elementor-widget elementor-widget-text-editor\" data-id=\"dcf6e20\" data-element_type=\"widget\" data-e-type=\"widget\" data-widget_type=\"text-editor.default\">\n\t\t\t\t<div class=\"elementor-widget-container\">\n\t\t\t\t\t\t\t\t\t<h6><span style=\"color: #ffffff;\">Verantwortlich:<\/span><\/h6>\n<p><span style=\"color: #ffffff;\">Ing. J\u00fcrgen Warum<br><\/span><span style=\"color: rgb(255, 255, 255); font-family: var( --e-global-typography-text-font-family ), Sans-serif; font-weight: var( --e-global-typography-text-font-weight ); background-color: var( --e-global-color-0a96aef ); font-size: var(--bodyfontsize); letter-spacing: var(--bodyletterspacing); text-transform: var(--bodytexttransform);\">Heinrich von T\u00fcrlin Stra\u00dfe 16<br><\/span><span style=\"color: rgb(255, 255, 255); font-family: var( --e-global-typography-text-font-family ), Sans-serif; font-weight: var( --e-global-typography-text-font-weight ); background-color: var( --e-global-color-0a96aef ); font-size: var(--bodyfontsize); letter-spacing: var(--bodyletterspacing); text-transform: var(--bodytexttransform);\">9500 Villach<\/span><\/p>\n<p><span style=\"color: #ffffff;\">Kontakt:<\/span><br><span style=\"color: #ffffff;\">+43 676 844425787<\/span><br><span style=\"color: #ffffff;\">info@kungfuschule-nju49k7tmc.live-website.com<br><\/span><span style=\"color: rgb(255, 255, 255); font-family: var( --e-global-typography-text-font-family ), Sans-serif; font-weight: var( --e-global-typography-text-font-weight ); background-color: var( --e-global-color-0a96aef ); font-size: var(--bodyfontsize); letter-spacing: var(--bodyletterspacing); text-transform: var(--bodytexttransform);\">www.kungfuschulekaernten.at<\/span><\/p>\n<p><span style=\"color: #ffffff;\">Umsatzsteuerbefreiung gem\u00e4\u00df \u00a7 6 Abs 1 Z 27 Umsatzsteuergesetz<\/span><\/p>\n<p><span style=\"color: #ffffff;\">Informationspflicht laut \u00a75 E-Commerce Gesetz und&nbsp;Offenlegungspflicht laut \u00a725 Mediengesetz<\/span><\/p>\t\t\t\t\t\t\t\t<\/div>\n\t\t\t\t<\/div>\n\t\t\t\t\t<\/div>\n\t\t<\/div>\n\t\t\t\t\t<\/div>\n\t\t<\/section>\n\t\t\t\t<\/div>\n\t\t","protected":false},"excerpt":{"rendered":"<p>Impressum Verantwortlich: Ing. J\u00fcrgen WarumHeinrich von T\u00fcrlin Stra\u00dfe 169500 Villach Kontakt:+43 676 844425787info@kungfuschule-nju49k7tmc.live-website.comwww.kungfuschulekaernten.at Umsatzsteuerbefreiung gem\u00e4\u00df \u00a7 6 Abs 1 Z 27 Umsatzsteuergesetz Informationspflicht laut \u00a75 E-Commerce Gesetz und&nbsp;Offenlegungspflicht laut \u00a725 Mediengesetz<\/p>\n","protected":false},"author":1,"featured_media":0,"parent":0,"menu_order":0,"comment_status":"closed","ping_status":"closed","template":"page-templates\/template-pagebuilder-full-width.php","meta":{"om_disable_all_campaigns":false,"neve_meta_sidebar":"","neve_meta_container":"","neve_meta_enable_content_width":"","neve_meta_content_width":0,"neve_meta_title_alignment":"","neve_meta_author_avatar":"","neve_post_elements_order":"","neve_meta_disable_header":"","neve_meta_disable_footer":"","neve_meta_disable_title":"","footnotes":""},"class_list":["post-918","page","type-page","status-publish","hentry"],"aioseo_notices":[],"_links":{"self":[{"href":"https:\/\/kungfuschulekaernten.at\/index.php?rest_route=\/wp\/v2\/pages\/918","targetHints":{"allow":["GET"]}}],"collection":[{"href":"https:\/\/kungfuschulekaernten.at\/index.php?rest_route=\/wp\/v2\/pages"}],"about":[{"href":"https:\/\/kungfuschulekaernten.at\/index.php?rest_route=\/wp\/v2\/types\/page"}],"author":[{"embeddable":true,"href":"https:\/\/kungfuschulekaernten.at\/index.php?rest_route=\/wp\/v2\/users\/1"}],"replies":[{"embeddable":true,"href":"https:\/\/kungfuschulekaernten.at\/index.php?rest_route=%2Fwp%2Fv2%2Fcomments&post=918"}],"version-history":[{"count":10,"href":"https:\/\/kungfuschulekaernten.at\/index.php?rest_route=\/wp\/v2\/pages\/918\/revisions"}],"predecessor-version":[{"id":1098,"href":"https:\/\/kungfuschulekaernten.at\/index.php?rest_route=\/wp\/v2\/pages\/918\/revisions\/1098"}],"wp:attachment":[{"href":"https:\/\/kungfuschulekaernten.at\/index.php?rest_route=%2Fwp%2Fv2%2Fmedia&parent=918"}],"curies":[{"name":"wp","href":"https:\/\/api.w.org\/{rel}","templated":true}]}}